{"id":12,"date":"2022-11-30T13:57:15","date_gmt":"2022-11-30T12:57:15","guid":{"rendered":"http:\/\/uswitch.fr\/wordpress\/?page_id=12"},"modified":"2023-11-16T15:31:20","modified_gmt":"2023-11-16T14:31:20","slug":"accueil","status":"publish","type":"page","link":"https:\/\/uswitch.fr\/wordpress\/","title":{"rendered":"La question"},"content":{"rendered":"\n<p>Bienvenue chez uSwitch, c&rsquo;est le moment de vous poser la question : est-ce que je peux \u00ab\u00a0switcher\u00a0\u00bb vers une informatique plus saine, moins obs\u00e9d\u00e9e par la s\u00e9curit\u00e9, apais\u00e9e et efficace ?<\/p>\n\n\n\n<p>L&rsquo;informatique est l\u00e0 pour <strong>r\u00e9soudre vos probl\u00e8mes<\/strong>, pas pour en cr\u00e9er, venez voir chez uSwitch comment on r\u00e9sout vos probl\u00e8mes.<\/p>\n","protected":false},"excerpt":{"rendered":"<p>Bienvenue chez uSwitch, c&rsquo;est le moment de vous poser la question : est-ce que je peux \u00ab\u00a0switcher\u00a0\u00bb vers une informatique plus saine, moins obs\u00e9d\u00e9e par la s\u00e9curit\u00e9, apais\u00e9e et efficace ? L&rsquo;informatique est l\u00e0 pour r\u00e9soudre vos probl\u00e8mes, pas pour en cr\u00e9er, venez voir chez uSwitch comment on r\u00e9sout vos probl\u00e8mes.<\/p>\n","protected":false},"author":1,"featured_media":0,"parent":0,"menu_order":0,"comment_status":"closed","ping_status":"closed","template":"","meta":{"footnotes":""},"class_list":["post-12","page","type-page","status-publish","hentry"],"_links":{"self":[{"href":"https:\/\/uswitch.fr\/wordpress\/wp-json\/wp\/v2\/pages\/12","targetHints":{"allow":["GET"]}}],"collection":[{"href":"https:\/\/uswitch.fr\/wordpress\/wp-json\/wp\/v2\/pages"}],"about":[{"href":"https:\/\/uswitch.fr\/wordpress\/wp-json\/wp\/v2\/types\/page"}],"author":[{"embeddable":true,"href":"https:\/\/uswitch.fr\/wordpress\/wp-json\/wp\/v2\/users\/1"}],"replies":[{"embeddable":true,"href":"https:\/\/uswitch.fr\/wordpress\/wp-json\/wp\/v2\/comments?post=12"}],"version-history":[{"count":5,"href":"https:\/\/uswitch.fr\/wordpress\/wp-json\/wp\/v2\/pages\/12\/revisions"}],"predecessor-version":[{"id":64,"href":"https:\/\/uswitch.fr\/wordpress\/wp-json\/wp\/v2\/pages\/12\/revisions\/64"}],"wp:attachment":[{"href":"https:\/\/uswitch.fr\/wordpress\/wp-json\/wp\/v2\/media?parent=12"}],"curies":[{"name":"wp","href":"https:\/\/api.w.org\/{rel}","templated":true}]}}